{"id":68840,"date":"2016-12-13T00:00:00","date_gmt":"2016-12-12T23:00:00","guid":{"rendered":"http:\/\/berlin.amalnews.de\/?page_id=68840"},"modified":"2025-06-03T11:05:11","modified_gmt":"2025-06-03T09:05:11","slug":"projekt","status":"publish","type":"page","link":"https:\/\/amalberlin.de\/de\/projekt\/","title":{"rendered":"\u00dcber Amal"},"content":{"rendered":"<img loading=\"lazy\" decoding=\"async\" class=\"aligncenter wp-image-215443 size-full\" src=\"https:\/\/amalberlin.de\/wp-content\/uploads\/sites\/3\/2023\/11\/ADQ_7688.jpg\" alt=\"Amal Team\" width=\"680\" height=\"452\" srcset=\"https:\/\/amalberlin.de\/wp-content\/uploads\/sites\/3\/2023\/11\/ADQ_7688.jpg 680w, https:\/\/amalberlin.de\/wp-content\/uploads\/sites\/3\/2023\/11\/ADQ_7688-300x199.jpg 300w, https:\/\/amalberlin.de\/wp-content\/uploads\/sites\/3\/2023\/11\/ADQ_7688-630x420.jpg 630w, https:\/\/amalberlin.de\/wp-content\/uploads\/sites\/3\/2023\/11\/ADQ_7688-315x210.jpg 315w, https:\/\/amalberlin.de\/wp-content\/uploads\/sites\/3\/2023\/11\/ADQ_7688-156x104.jpg 156w\" sizes=\"auto, (max-width: 680px) 100vw, 680px\" \/>\n<p>&nbsp;<\/p>\n<p>Amal ist eine Internetplattform mit lokalen Nachrichten auf Arabisch, Ukrainisch und Farsi\/Dari. Gegr\u00fcndet wurde das Projekt 2016 in Berlin. Dort arbeiten inzwischen 14 Exil-Journalist:innen auf jeweils einer festen halben Stelle und berichten \u00fcber alles, was in Berlin wichtig ist: Politik, Kultur und was man sonst noch wissen muss, um mitzureden und sich zu Hause zu f\u00fchlen. 2019 entstand in Hamburg die zweite Amal-Redaktion. Aus der Hansestadt berichten f\u00fcnf Exil-Journalist:innen und 2023 folgt eine weitere Redaktion in Frankfurt am Main. Hier sind sechs Stellen entstanden.<\/p>\n<h2>Warum Amal?<\/h2>\n<p>Deutsch l\u00e4sst sich nicht von Heute auf Morgen lernen und es dauert lange, bis Neuangekommene deutsche Medien verstehen k\u00f6nnen. Gut, wenn man schon vorher mitbekommt, worum es in der deutschen Gesellschaft, in Politik und Kultur geht. Nach dem Motto: &#8222;Nur wer wei\u00df, was passiert, kann sich beteiligen und mitreden!&#8220; erm\u00f6glicht Amal Neuangekommenen, sich schneller in der neuen Umgebung zurechtzufinden.<\/p>\n<h2>Arbeiten im Exil<\/h2>\n<p>Amal, Berlin! bietet Journalis:innen im Exil eine berufliche Zukunft. Auch f\u00fcr deutschsprachige Medien ist der besondere Blickwinkel der Amal, Berlin! Autoren und Autorinnen interessant. So hat die Redaktion mehrere Chrismon Spezial Hefte gestaltet und liefert regelm\u00e4\u00dfig Beitr\u00e4ge f\u00fcr verschiedene Redaktionen.<\/p>\n<h2>Themen, die bewegen<\/h2>\n<p>Amal, Berlin! ist Lokaljournalismus dicht an der Leserschaft: Die Redaktion ist im engen Austausch mit ihren Lesern und Leserinnen. Die Artikel werden auf Facebook gepostet und dort kommentiert und diskutiert. Oft geht es dabei auch um die Aufregerthemen unserer Zeit: Familiennachzug, Rassismus und wie Konflikte aus den Heimatl\u00e4ndern der Neuangekommenen auch in Deutschland eine Rolle spielen.\u00a0 Amal steht hier f\u00fcr unaufgeregten, ausgewogenen Journalismus und bietet so einen Rahmen f\u00fcr Meinungsaustausch \u00fcber alles, was Neuangekommene in Deutschland bewegt.<\/p>\n<h2>Viele Perspektiven<\/h2>\n<p>Amal ist eine sehr gemischte Redaktion. M\u00e4nner und Frauen aus vielen L\u00e4ndern, mit unterschiedlichen Religionen, politischen \u00dcberzeugungen und Pers\u00f6nlichkeiten arbeiten zusammen. Darauf sind wir stolz. Nicht zuletzt ist Amal auch ein Zeichen, dass selbst in Zeiten, in denen viel von Ungleichbehandlung zwischen Gefl\u00fcchteten unterschiedlicher Herkunft die Rede ist und das h\u00e4ssliche Wort der &#8222;Neiddebatte&#8220; die Runde macht, Zusammenarbeit m\u00f6glich ist. So waren es besonders die Kolleg:innen der syrischen und der afghanischen Redaktion, die daf\u00fcr gesorgt haben, dass Amal seit Fr\u00fchjahr 2022 auch eine ukrainische Redaktion aufbaut.<\/p>\n<h2>Sprachliches Experiment<\/h2>\n<p>Zusammenarbeit bei Amal bedeutet Kompromisse schlie\u00dfen. Nicht zuletzt ist Amal ein sprachliches Experiment: So gilt es gerade in der Dari\/Farsi-Redaktion eine gemeinsame Sprache zu finden, von der sich sowohl die afghanischen als auch die iranischen Leser:innen angesprochen f\u00fchlen. Gefragt ist zudem Erfindergeist: Wie \u00fcbersetzt man Gesundheitssenatorin ins Arabische? Was genau ist eine Geb\u00fchrenabgabeverordnung und wie kann man es so ausdr\u00fccken, dass Menschen aus Afghanistan wissen, was gemeint ist?<\/p>\n<p>Amal ist zu einer festen Gr\u00f6\u00dfe der lokalen\u00a0 Medienlandschaft von Berlin und Hamburg geworden und Frankfurt wird sicher schnell folgen: Beh\u00f6rden, Kulturvereine, Initiativen und Firmen laden die Redaktion ein, weil sie wissen, dass ihre Informationen so zur sonst schwer erreichbaren Zielgruppe gelangen.<\/p>\n<h2>Die Entstehung<\/h2>\n<p>Amal war zun\u00e4chst eine Idee: Im Herbst 2015 kamen mit den Gefl\u00fcchteten viele Journalisten und Journalistinnen aus Syrien und auch aus anderen L\u00e4ndern nach Deutschland. F\u00fcr sie ist es schwer, Arbeit bei deutschsprachigen Medien zu finden. Zugleich gab es einen Bedarf an verst\u00e4ndlicher Berichterstattung f\u00fcr die Neuangekommen, die noch nicht deutsche Zeitungen lesen konnten. So entstand die Idee. Finanziert mit Geldern der Evangelischen Kirche Deutschland EKD und dem Gemeinschaftswerk der Evangelischen Publizistik GEP begann im September 2016 an der Evangelischen Journalistenschule in Berlin ein Vorbereitungsworkshop. Im M\u00e4rz 2017 ging die Nachrichtenplattform in Berlin online und seit Juni 2017 arbeiten die Redakteure und Redakteurinnen auf halben Stellen oder als Feste Freie.<\/p>\n<h2>Amal w\u00e4chst<\/h2>\n<p>Ab <strong>2019<\/strong> begann eine neue Phase. Die EKD und das GEP erkl\u00e4ren sich bereit, Amal, Berlin! f\u00fcr weitere drei Jahre zu finanzieren. Mit der der K\u00f6rber-Stiftung, der Sch\u00f6pflin-Stiftung, der Ecclesia-Versicherung, der EKBO und der Evangelischen Kirche im Rheinland konnten weitere Geldgeber gewonnen werden. In Hamburg wurde eine weitere Redaktion gegr\u00fcndet, die eng mit dem Hamburger Abendblatt zusammenarbeitet.<\/p>\n<p>Ab <strong>2022<\/strong> entwickelt sich Amal weiter: Aus dem bislang zu 100 Prozent mit Geldern der Zivilgesellschaft gef\u00f6rderten Projekt wird ein innovatives Sozialunternehmen, das einen wachsenden Anteil des Budgets erwirtschaftet. Es wurde ein Gesch\u00e4ftsmodell entwickelt und es wurden bereits erste Projekte im Bereich Kampagnen und Events umgesetzt. Dennoch bleibt Amal ein Projekt des gemeinn\u00fctzigen Journalismus und auch in Zukunft auf F\u00f6rderung angewiesen. Die K\u00f6rber-Stiftung, die Sch\u00f6pflin Stiftung und mehrere Landeskirchen der EKD setzen die F\u00f6rderung fort. Mit der Crespo-Foundation, Porticus, der Zeit-Stiftung und dem Kirchlichen Entwicklungsdienst der Nordkirche konnten neue F\u00f6rderer gewonnen werden.<\/p>\n<h2>Amal News gGmbH<\/h2>\n<p>Seit dem 1.1.2025 wurde das Projekt als Amal News gGmbH zu einer eigenen Gesellschaft. Sie bleibt als Tochter dem GEP eng verbunden, kann jedoch selbst\u00e4ndig agieren. Gesch\u00e4ftsf\u00fchrerinnen sind die Gr\u00fcnderinnen <a href=\"http:\/\/amalhamburg.de\/team\">Cornelia Gerlach<\/a> und <a href=\"https:\/\/amalberlin.de\/team\">Julia Gerlach<\/a>.<\/p>\n<p>&nbsp;<\/p>\n<p>&nbsp;<\/p>\n","protected":false},"excerpt":{"rendered":"<p>&nbsp; Amal ist eine Internetplattform mit lokalen Nachrichten auf Arabisch, Ukrainisch und Farsi\/Dari. Gegr\u00fcndet wurde das Projekt 2016 in Berlin. Dort arbeiten inzwischen 14 Exil-Journalist:innen auf jeweils einer festen halben Stelle und berichten \u00fcber alles, was in Berlin wichtig ist: Politik, Kultur und was man sonst noch wissen muss, um mitzureden und sich zu Hause&#8230;  <a class=\"excerpt-read-more\" href=\"https:\/\/amalberlin.de\/de\/projekt\/\" title=\"Read \u00dcber Amal\">Weiter &raquo;<\/a><\/p>\n","protected":false},"author":13,"featured_media":0,"parent":0,"menu_order":0,"comment_status":"closed","ping_status":"closed","template":"","meta":{"_acf_changed":false,"footnotes":""},"class_list":["post-68840","page","type-page","status-publish","hentry"],"acf":[],"yoast_head":"<!-- This site is optimized with the Yoast SEO plugin v27.4 - https:\/\/yoast.com\/product\/yoast-seo-wordpress\/ -->\n<title>\u00dcber Amal - Amal, Berlin!<\/title>\n<meta name=\"description\" content=\"Amal, das Projekt: Amal ist eine Nachrichtenplattform mit lokalen Nachrichten auf Arabisch, Ukrainisch und Dari-Farsi.\" \/>\n<meta name=\"robots\" content=\"index, follow, max-snippet:-1, max-image-preview:large, max-video-preview:-1\" \/>\n<link rel=\"canonical\" href=\"https:\/\/amalberlin.de\/de\/projekt\/\" \/>\n<meta property=\"og:locale\" content=\"de_DE\" \/>\n<meta property=\"og:type\" content=\"article\" \/>\n<meta property=\"og:title\" content=\"\u00dcber Amal - Amal, Berlin!\" \/>\n<meta property=\"og:description\" content=\"Amal, das Projekt: Amal ist eine Nachrichtenplattform mit lokalen Nachrichten auf Arabisch, Ukrainisch und Dari-Farsi.\" \/>\n<meta property=\"og:url\" content=\"https:\/\/amalberlin.de\/de\/projekt\/\" \/>\n<meta property=\"og:site_name\" content=\"Amal, Berlin!\" \/>\n<meta property=\"article:publisher\" content=\"https:\/\/www.facebook.com\/AmalBerlinNews\/\" \/>\n<meta property=\"article:modified_time\" content=\"2025-06-03T09:05:11+00:00\" \/>\n<meta property=\"og:image\" content=\"https:\/\/amalberlin.de\/wp-content\/uploads\/sites\/3\/2023\/11\/ADQ_7688.jpg\" \/>\n\t<meta property=\"og:image:width\" content=\"680\" \/>\n\t<meta property=\"og:image:height\" content=\"452\" \/>\n\t<meta property=\"og:image:type\" content=\"image\/jpeg\" \/>\n<meta name=\"twitter:card\" content=\"summary_large_image\" \/>\n<meta name=\"twitter:label1\" content=\"Gesch\u00e4tzte Lesezeit\" \/>\n\t<meta name=\"twitter:data1\" content=\"5\u00a0Minuten\" \/>\n<script type=\"application\/ld+json\" class=\"yoast-schema-graph\">{\"@context\":\"https:\\\/\\\/schema.org\",\"@graph\":[{\"@type\":\"WebPage\",\"@id\":\"https:\\\/\\\/amalberlin.de\\\/de\\\/projekt\\\/\",\"url\":\"https:\\\/\\\/amalberlin.de\\\/de\\\/projekt\\\/\",\"name\":\"\u00dcber Amal - Amal, Berlin!\",\"isPartOf\":{\"@id\":\"https:\\\/\\\/amalberlin.de\\\/de\\\/#website\"},\"primaryImageOfPage\":{\"@id\":\"https:\\\/\\\/amalberlin.de\\\/de\\\/projekt\\\/#primaryimage\"},\"image\":{\"@id\":\"https:\\\/\\\/amalberlin.de\\\/de\\\/projekt\\\/#primaryimage\"},\"thumbnailUrl\":\"https:\\\/\\\/amalberlin.de\\\/wp-content\\\/uploads\\\/sites\\\/3\\\/2023\\\/11\\\/ADQ_7688.jpg\",\"datePublished\":\"2016-12-12T23:00:00+00:00\",\"dateModified\":\"2025-06-03T09:05:11+00:00\",\"description\":\"Amal, das Projekt: Amal ist eine Nachrichtenplattform mit lokalen Nachrichten auf Arabisch, Ukrainisch und Dari-Farsi.\",\"breadcrumb\":{\"@id\":\"https:\\\/\\\/amalberlin.de\\\/de\\\/projekt\\\/#breadcrumb\"},\"inLanguage\":\"de\",\"potentialAction\":[{\"@type\":\"ReadAction\",\"target\":[\"https:\\\/\\\/amalberlin.de\\\/de\\\/projekt\\\/\"]}]},{\"@type\":\"ImageObject\",\"inLanguage\":\"de\",\"@id\":\"https:\\\/\\\/amalberlin.de\\\/de\\\/projekt\\\/#primaryimage\",\"url\":\"https:\\\/\\\/amalberlin.de\\\/wp-content\\\/uploads\\\/sites\\\/3\\\/2023\\\/11\\\/ADQ_7688.jpg\",\"contentUrl\":\"https:\\\/\\\/amalberlin.de\\\/wp-content\\\/uploads\\\/sites\\\/3\\\/2023\\\/11\\\/ADQ_7688.jpg\"},{\"@type\":\"BreadcrumbList\",\"@id\":\"https:\\\/\\\/amalberlin.de\\\/de\\\/projekt\\\/#breadcrumb\",\"itemListElement\":[{\"@type\":\"ListItem\",\"position\":1,\"name\":\"Home\",\"item\":\"https:\\\/\\\/amalberlin.de\\\/de\\\/\"},{\"@type\":\"ListItem\",\"position\":2,\"name\":\"\u00dcber Amal\"}]},{\"@type\":\"WebSite\",\"@id\":\"https:\\\/\\\/amalberlin.de\\\/de\\\/#website\",\"url\":\"https:\\\/\\\/amalberlin.de\\\/de\\\/\",\"name\":\"Amal, Berlin!\",\"description\":\"\",\"publisher\":{\"@id\":\"https:\\\/\\\/amalberlin.de\\\/de\\\/#organization\"},\"potentialAction\":[{\"@type\":\"SearchAction\",\"target\":{\"@type\":\"EntryPoint\",\"urlTemplate\":\"https:\\\/\\\/amalberlin.de\\\/de\\\/?s={search_term_string}\"},\"query-input\":{\"@type\":\"PropertyValueSpecification\",\"valueRequired\":true,\"valueName\":\"search_term_string\"}}],\"inLanguage\":\"de\"},{\"@type\":\"Organization\",\"@id\":\"https:\\\/\\\/amalberlin.de\\\/de\\\/#organization\",\"name\":\"Amal, Berlin!\",\"url\":\"https:\\\/\\\/amalberlin.de\\\/de\\\/\",\"logo\":{\"@type\":\"ImageObject\",\"inLanguage\":\"de\",\"@id\":\"https:\\\/\\\/amalberlin.de\\\/de\\\/#\\\/schema\\\/logo\\\/image\\\/\",\"url\":\"https:\\\/\\\/amalberlin.de\\\/wp-content\\\/uploads\\\/sites\\\/3\\\/2020\\\/09\\\/LOGO_AMAL-Berlin_Final-01.jpg\",\"contentUrl\":\"https:\\\/\\\/amalberlin.de\\\/wp-content\\\/uploads\\\/sites\\\/3\\\/2020\\\/09\\\/LOGO_AMAL-Berlin_Final-01.jpg\",\"width\":250,\"height\":220,\"caption\":\"Amal, Berlin!\"},\"image\":{\"@id\":\"https:\\\/\\\/amalberlin.de\\\/de\\\/#\\\/schema\\\/logo\\\/image\\\/\"},\"sameAs\":[\"https:\\\/\\\/www.facebook.com\\\/AmalBerlinNews\\\/\",\"https:\\\/\\\/www.instagram.com\\\/amalberlin\\\/?hl=en\",\"https:\\\/\\\/www.youtube.com\\\/channel\\\/UCTDDzpr6EmhT1wLO0hszrrg\"]}]}<\/script>\n<!-- \/ Yoast SEO plugin. -->","yoast_head_json":{"title":"\u00dcber Amal - Amal, Berlin!","description":"Amal, das Projekt: Amal ist eine Nachrichtenplattform mit lokalen Nachrichten auf Arabisch, Ukrainisch und Dari-Farsi.","robots":{"index":"index","follow":"follow","max-snippet":"max-snippet:-1","max-image-preview":"max-image-preview:large","max-video-preview":"max-video-preview:-1"},"canonical":"https:\/\/amalberlin.de\/de\/projekt\/","og_locale":"de_DE","og_type":"article","og_title":"\u00dcber Amal - Amal, Berlin!","og_description":"Amal, das Projekt: Amal ist eine Nachrichtenplattform mit lokalen Nachrichten auf Arabisch, Ukrainisch und Dari-Farsi.","og_url":"https:\/\/amalberlin.de\/de\/projekt\/","og_site_name":"Amal, Berlin!","article_publisher":"https:\/\/www.facebook.com\/AmalBerlinNews\/","article_modified_time":"2025-06-03T09:05:11+00:00","og_image":[{"width":680,"height":452,"url":"https:\/\/amalberlin.de\/wp-content\/uploads\/sites\/3\/2023\/11\/ADQ_7688.jpg","type":"image\/jpeg"}],"twitter_card":"summary_large_image","twitter_misc":{"Gesch\u00e4tzte Lesezeit":"5\u00a0Minuten"},"schema":{"@context":"https:\/\/schema.org","@graph":[{"@type":"WebPage","@id":"https:\/\/amalberlin.de\/de\/projekt\/","url":"https:\/\/amalberlin.de\/de\/projekt\/","name":"\u00dcber Amal - Amal, Berlin!","isPartOf":{"@id":"https:\/\/amalberlin.de\/de\/#website"},"primaryImageOfPage":{"@id":"https:\/\/amalberlin.de\/de\/projekt\/#primaryimage"},"image":{"@id":"https:\/\/amalberlin.de\/de\/projekt\/#primaryimage"},"thumbnailUrl":"https:\/\/amalberlin.de\/wp-content\/uploads\/sites\/3\/2023\/11\/ADQ_7688.jpg","datePublished":"2016-12-12T23:00:00+00:00","dateModified":"2025-06-03T09:05:11+00:00","description":"Amal, das Projekt: Amal ist eine Nachrichtenplattform mit lokalen Nachrichten auf Arabisch, Ukrainisch und Dari-Farsi.","breadcrumb":{"@id":"https:\/\/amalberlin.de\/de\/projekt\/#breadcrumb"},"inLanguage":"de","potentialAction":[{"@type":"ReadAction","target":["https:\/\/amalberlin.de\/de\/projekt\/"]}]},{"@type":"ImageObject","inLanguage":"de","@id":"https:\/\/amalberlin.de\/de\/projekt\/#primaryimage","url":"https:\/\/amalberlin.de\/wp-content\/uploads\/sites\/3\/2023\/11\/ADQ_7688.jpg","contentUrl":"https:\/\/amalberlin.de\/wp-content\/uploads\/sites\/3\/2023\/11\/ADQ_7688.jpg"},{"@type":"BreadcrumbList","@id":"https:\/\/amalberlin.de\/de\/projekt\/#breadcrumb","itemListElement":[{"@type":"ListItem","position":1,"name":"Home","item":"https:\/\/amalberlin.de\/de\/"},{"@type":"ListItem","position":2,"name":"\u00dcber Amal"}]},{"@type":"WebSite","@id":"https:\/\/amalberlin.de\/de\/#website","url":"https:\/\/amalberlin.de\/de\/","name":"Amal, Berlin!","description":"","publisher":{"@id":"https:\/\/amalberlin.de\/de\/#organization"},"potentialAction":[{"@type":"SearchAction","target":{"@type":"EntryPoint","urlTemplate":"https:\/\/amalberlin.de\/de\/?s={search_term_string}"},"query-input":{"@type":"PropertyValueSpecification","valueRequired":true,"valueName":"search_term_string"}}],"inLanguage":"de"},{"@type":"Organization","@id":"https:\/\/amalberlin.de\/de\/#organization","name":"Amal, Berlin!","url":"https:\/\/amalberlin.de\/de\/","logo":{"@type":"ImageObject","inLanguage":"de","@id":"https:\/\/amalberlin.de\/de\/#\/schema\/logo\/image\/","url":"https:\/\/amalberlin.de\/wp-content\/uploads\/sites\/3\/2020\/09\/LOGO_AMAL-Berlin_Final-01.jpg","contentUrl":"https:\/\/amalberlin.de\/wp-content\/uploads\/sites\/3\/2020\/09\/LOGO_AMAL-Berlin_Final-01.jpg","width":250,"height":220,"caption":"Amal, Berlin!"},"image":{"@id":"https:\/\/amalberlin.de\/de\/#\/schema\/logo\/image\/"},"sameAs":["https:\/\/www.facebook.com\/AmalBerlinNews\/","https:\/\/www.instagram.com\/amalberlin\/?hl=en","https:\/\/www.youtube.com\/channel\/UCTDDzpr6EmhT1wLO0hszrrg"]}]}},"_links":{"self":[{"href":"https:\/\/amalberlin.de\/de\/wp-json\/wp\/v2\/pages\/68840","targetHints":{"allow":["GET"]}}],"collection":[{"href":"https:\/\/amalberlin.de\/de\/wp-json\/wp\/v2\/pages"}],"about":[{"href":"https:\/\/amalberlin.de\/de\/wp-json\/wp\/v2\/types\/page"}],"author":[{"embeddable":true,"href":"https:\/\/amalberlin.de\/de\/wp-json\/wp\/v2\/users\/13"}],"replies":[{"embeddable":true,"href":"https:\/\/amalberlin.de\/de\/wp-json\/wp\/v2\/comments?post=68840"}],"version-history":[{"count":18,"href":"https:\/\/amalberlin.de\/de\/wp-json\/wp\/v2\/pages\/68840\/revisions"}],"predecessor-version":[{"id":273083,"href":"https:\/\/amalberlin.de\/de\/wp-json\/wp\/v2\/pages\/68840\/revisions\/273083"}],"wp:attachment":[{"href":"https:\/\/amalberlin.de\/de\/wp-json\/wp\/v2\/media?parent=68840"}],"curies":[{"name":"wp","href":"https:\/\/api.w.org\/{rel}","templated":true}]}}