{"id":256858,"date":"2024-12-30T14:05:11","date_gmt":"2024-12-30T13:05:11","guid":{"rendered":"https:\/\/amalberlin.de\/?page_id=256858"},"modified":"2025-08-15T17:20:59","modified_gmt":"2025-08-15T15:20:59","slug":"kinderschutzverordnung","status":"publish","type":"page","link":"https:\/\/amalberlin.de\/de\/kinderschutzverordnung\/","title":{"rendered":"Kinderschutz"},"content":{"rendered":"<div>\n<h2>Pr\u00e4ambel der Kinderschutzverordnung<strong><br \/>\n<\/strong><\/h2>\n<p>Amal News gGmbH ist ein Medienunternehmen, das dem Schutz von Kindern, Jugendlichen und vulnerablen Gruppen allgemein besonders verpflichtet ist. Dies bezieht sich sowohl auf die Leser:innen unserer Online-Angebote als auch auf den Umgang in der Redaktion und bei Veranstaltungen. Besondere Sorgfalt lassen wir im Umgang mit Informat:innen und Interviewten walten, um sie zu sch\u00fctzen. Wir sind uns der gro\u00dfen Verantwortung bewusst. Gerade in den Zeiten von Hatespeech und Fake News ist besondere Sorgfalt notwendig, um den Schutz von Personen zu gew\u00e4hrleisten.<\/p>\n<p>Diese Kinderschutzverordnung dient dem Schutz von Kindern und Jugendlichen vor sch\u00e4dlichen Einfl\u00fcssen in diesen drei Bereichen. Sie basiert auf den Grunds\u00e4tzen der UN-Kinderrechtskonvention und den Richtlinien der Europ\u00e4ischen Union zum Schutz von Kindern.<\/p>\n<h2>1. Allgemeine Grunds\u00e4tze der Kinderschutzverordnung<strong><br \/>\n<\/strong><\/h2>\n<p>1.1. Das Wohl des Kindes steht bei allen Ma\u00dfnahmen und Entscheidungen im Vordergrund.<\/p>\n<p>1.2. Kinder haben das Recht auf Schutz vor sch\u00e4dlichen Inhalten und auf Zugang zu altersgerechten Medienangeboten.<\/p>\n<p>1.3. Amal News gGmbH verpflichtet sich, die Rechte der Kinder zu achten und zu f\u00f6rdern. Dies gilt besonders f\u00fcr das Recht am eigenen Bild.<\/p>\n<h2>2. Altersgerechte Inhalte<\/h2>\n<p>2.1. Inhalte, die nicht f\u00fcr alle Altersgruppen geeignet sind, werden gekennzeichnet.<\/p>\n<p>2.2. Inhalte, die Gewalt, sexuelle Handlungen oder andere f\u00fcr Kinder ungeeignete Themen darstellen, werden entsprechend gekennzeichnet.<\/p>\n<h2>3. Schutzma\u00dfnahmen<\/h2>\n<p>3.1. Die Wichtigkeit von Kinderschutzma\u00dfnahmen wird im Redaktionsalltag regelm\u00e4\u00dfig thematisiert.<\/p>\n<p>3.2. Leser:innen und Mitarbeiter:innen k\u00f6nnen sich bei Verst\u00f6\u00dfen bei der Gesch\u00e4ftsf\u00fchrung beschweren.<\/p>\n<h2>4. Schutz von jugendlichen Mitarbeitern, Praktikanten und vulnerablen Gruppen<\/h2>\n<p>4.1. Jugendliche Mitarbeiter, Praktikanten und andere vulnerable Gruppen werden besonders gesch\u00fctzt und betreut.<\/p>\n<p>4.2. Es werden klare Richtlinien f\u00fcr Arbeitszeiten und Pausen festgelegt, um \u00dcberlastung zu vermeiden.<\/p>\n<p>4.3. Es gibt feste Mentor:innen f\u00fcr die Betreuung der Praktikant:innen, um eine unterst\u00fctzende und sichere Arbeitsumgebung zu gew\u00e4hrleisten.<\/p>\n<p>4.4. Jugendliche Mitarbeiter, Praktikanten und andere vulnerable Gruppen haben Zugang zu Vertrauenspersonen, an die sie sich bei Problemen oder Bedenken wenden k\u00f6nnen.<\/p>\n<p>4.5. Es wird eine Null-Toleranz-Politik gegen\u00fcber sexuellen \u00dcbergriffen und Bel\u00e4stigungen implementiert.<\/p>\n<h2>5. Traumasensibler Umgang in der Redaktion<\/h2>\n<p>5.1. Die Redaktion wird in traumasensiblen Arbeitsweisen geschult.<\/p>\n<p>5.2. Es wird regelm\u00e4\u00dfig die Wichtigkeit eines traumasensiblen Umgangs mit Kolleg:innen, Mitarbeitenden und Leser:innen thematisiert.<\/p>\n<p>5.3. M\u00f6glichkeiten der psychologischen Unterst\u00fctzung und Beratung werden aufgezeigt.<\/p>\n<p>5.4. Ein unterst\u00fctzendes und verst\u00e4ndnisvolles Arbeitsumfeld wird gef\u00f6rdert, um die psychische Gesundheit aller Mitarbeiter zu gew\u00e4hrleisten.<\/p>\n<h2>6. Zusammenarbeit und \u00dcberwachung<\/h2>\n<p>6.1. Amal News gGmbH kooperiert mit Organisationen, die im Bereich Kinderschutz und Jugendschutz aktiv sind.<\/p>\n<p>6.2. Verst\u00f6\u00dfe gegen die Verordnung werden konsequent geahndet.<\/p>\n<h2>7. Schlussbestimmungen<\/h2>\n<p>7.1. Diese Verordnung tritt am 1.1. 2025 in Kraft.<\/p>\n<p>7.2. \u00c4nderungen und Erg\u00e4nzungen dieser Verordnung bed\u00fcrfen der Zustimmung der Gesch\u00e4ftsf\u00fchrung.<\/p>\n<\/div>\n","protected":false},"excerpt":{"rendered":"<p>Pr\u00e4ambel der Kinderschutzverordnung Amal News gGmbH ist ein Medienunternehmen, das dem Schutz von Kindern, Jugendlichen und vulnerablen Gruppen allgemein besonders verpflichtet ist. Dies bezieht sich sowohl auf die Leser:innen unserer Online-Angebote als auch auf den Umgang in der Redaktion und bei Veranstaltungen. Besondere Sorgfalt lassen wir im Umgang mit Informat:innen und Interviewten walten, um sie&#8230;  <a class=\"excerpt-read-more\" href=\"https:\/\/amalberlin.de\/de\/kinderschutzverordnung\/\" title=\"Read Kinderschutz\">Weiter &raquo;<\/a><\/p>\n","protected":false},"author":13,"featured_media":0,"parent":0,"menu_order":0,"comment_status":"closed","ping_status":"closed","template":"","meta":{"_acf_changed":false,"footnotes":""},"class_list":["post-256858","page","type-page","status-publish","hentry"],"acf":[],"yoast_head":"<!-- This site is optimized with the Yoast SEO plugin v27.4 - https:\/\/yoast.com\/product\/yoast-seo-wordpress\/ -->\n<title>Kinderschutz - Amal, Berlin!<\/title>\n<meta name=\"description\" content=\"Amal News gGmbH ist ein Medienunternehmen, das dem Schutz von Jugendlichen und vulnerablen Gruppen allgemein besonders verpflichtet ist.\" \/>\n<meta name=\"robots\" content=\"index, follow, max-snippet:-1, max-image-preview:large, max-video-preview:-1\" \/>\n<link rel=\"canonical\" href=\"https:\/\/amalberlin.de\/de\/kinderschutzverordnung\/\" \/>\n<meta property=\"og:locale\" content=\"de_DE\" \/>\n<meta property=\"og:type\" content=\"article\" \/>\n<meta property=\"og:title\" content=\"Kinderschutz - Amal, Berlin!\" \/>\n<meta property=\"og:description\" content=\"Amal News gGmbH ist ein Medienunternehmen, das dem Schutz von Jugendlichen und vulnerablen Gruppen allgemein besonders verpflichtet ist.\" \/>\n<meta property=\"og:url\" content=\"https:\/\/amalberlin.de\/de\/kinderschutzverordnung\/\" \/>\n<meta property=\"og:site_name\" content=\"Amal, Berlin!\" \/>\n<meta property=\"article:publisher\" content=\"https:\/\/www.facebook.com\/AmalBerlinNews\/\" \/>\n<meta property=\"article:modified_time\" content=\"2025-08-15T15:20:59+00:00\" \/>\n<meta name=\"twitter:card\" content=\"summary_large_image\" \/>\n<meta name=\"twitter:label1\" content=\"Gesch\u00e4tzte Lesezeit\" \/>\n\t<meta name=\"twitter:data1\" content=\"3\u00a0Minuten\" \/>\n<script type=\"application\/ld+json\" class=\"yoast-schema-graph\">{\"@context\":\"https:\\\/\\\/schema.org\",\"@graph\":[{\"@type\":\"WebPage\",\"@id\":\"https:\\\/\\\/amalberlin.de\\\/de\\\/kinderschutzverordnung\\\/\",\"url\":\"https:\\\/\\\/amalberlin.de\\\/de\\\/kinderschutzverordnung\\\/\",\"name\":\"Kinderschutz - Amal, Berlin!\",\"isPartOf\":{\"@id\":\"https:\\\/\\\/amalberlin.de\\\/de\\\/#website\"},\"datePublished\":\"2024-12-30T13:05:11+00:00\",\"dateModified\":\"2025-08-15T15:20:59+00:00\",\"description\":\"Amal News gGmbH ist ein Medienunternehmen, das dem Schutz von Jugendlichen und vulnerablen Gruppen allgemein besonders verpflichtet ist.\",\"breadcrumb\":{\"@id\":\"https:\\\/\\\/amalberlin.de\\\/de\\\/kinderschutzverordnung\\\/#breadcrumb\"},\"inLanguage\":\"de\",\"potentialAction\":[{\"@type\":\"ReadAction\",\"target\":[\"https:\\\/\\\/amalberlin.de\\\/de\\\/kinderschutzverordnung\\\/\"]}]},{\"@type\":\"BreadcrumbList\",\"@id\":\"https:\\\/\\\/amalberlin.de\\\/de\\\/kinderschutzverordnung\\\/#breadcrumb\",\"itemListElement\":[{\"@type\":\"ListItem\",\"position\":1,\"name\":\"Home\",\"item\":\"https:\\\/\\\/amalberlin.de\\\/de\\\/\"},{\"@type\":\"ListItem\",\"position\":2,\"name\":\"Kinderschutz\"}]},{\"@type\":\"WebSite\",\"@id\":\"https:\\\/\\\/amalberlin.de\\\/de\\\/#website\",\"url\":\"https:\\\/\\\/amalberlin.de\\\/de\\\/\",\"name\":\"Amal, Berlin!\",\"description\":\"\",\"publisher\":{\"@id\":\"https:\\\/\\\/amalberlin.de\\\/de\\\/#organization\"},\"potentialAction\":[{\"@type\":\"SearchAction\",\"target\":{\"@type\":\"EntryPoint\",\"urlTemplate\":\"https:\\\/\\\/amalberlin.de\\\/de\\\/?s={search_term_string}\"},\"query-input\":{\"@type\":\"PropertyValueSpecification\",\"valueRequired\":true,\"valueName\":\"search_term_string\"}}],\"inLanguage\":\"de\"},{\"@type\":\"Organization\",\"@id\":\"https:\\\/\\\/amalberlin.de\\\/de\\\/#organization\",\"name\":\"Amal, Berlin!\",\"url\":\"https:\\\/\\\/amalberlin.de\\\/de\\\/\",\"logo\":{\"@type\":\"ImageObject\",\"inLanguage\":\"de\",\"@id\":\"https:\\\/\\\/amalberlin.de\\\/de\\\/#\\\/schema\\\/logo\\\/image\\\/\",\"url\":\"https:\\\/\\\/amalberlin.de\\\/wp-content\\\/uploads\\\/sites\\\/3\\\/2020\\\/09\\\/LOGO_AMAL-Berlin_Final-01.jpg\",\"contentUrl\":\"https:\\\/\\\/amalberlin.de\\\/wp-content\\\/uploads\\\/sites\\\/3\\\/2020\\\/09\\\/LOGO_AMAL-Berlin_Final-01.jpg\",\"width\":250,\"height\":220,\"caption\":\"Amal, Berlin!\"},\"image\":{\"@id\":\"https:\\\/\\\/amalberlin.de\\\/de\\\/#\\\/schema\\\/logo\\\/image\\\/\"},\"sameAs\":[\"https:\\\/\\\/www.facebook.com\\\/AmalBerlinNews\\\/\",\"https:\\\/\\\/www.instagram.com\\\/amalberlin\\\/?hl=en\",\"https:\\\/\\\/www.youtube.com\\\/channel\\\/UCTDDzpr6EmhT1wLO0hszrrg\"]}]}<\/script>\n<!-- \/ Yoast SEO plugin. -->","yoast_head_json":{"title":"Kinderschutz - Amal, Berlin!","description":"Amal News gGmbH ist ein Medienunternehmen, das dem Schutz von Jugendlichen und vulnerablen Gruppen allgemein besonders verpflichtet ist.","robots":{"index":"index","follow":"follow","max-snippet":"max-snippet:-1","max-image-preview":"max-image-preview:large","max-video-preview":"max-video-preview:-1"},"canonical":"https:\/\/amalberlin.de\/de\/kinderschutzverordnung\/","og_locale":"de_DE","og_type":"article","og_title":"Kinderschutz - Amal, Berlin!","og_description":"Amal News gGmbH ist ein Medienunternehmen, das dem Schutz von Jugendlichen und vulnerablen Gruppen allgemein besonders verpflichtet ist.","og_url":"https:\/\/amalberlin.de\/de\/kinderschutzverordnung\/","og_site_name":"Amal, Berlin!","article_publisher":"https:\/\/www.facebook.com\/AmalBerlinNews\/","article_modified_time":"2025-08-15T15:20:59+00:00","twitter_card":"summary_large_image","twitter_misc":{"Gesch\u00e4tzte Lesezeit":"3\u00a0Minuten"},"schema":{"@context":"https:\/\/schema.org","@graph":[{"@type":"WebPage","@id":"https:\/\/amalberlin.de\/de\/kinderschutzverordnung\/","url":"https:\/\/amalberlin.de\/de\/kinderschutzverordnung\/","name":"Kinderschutz - Amal, Berlin!","isPartOf":{"@id":"https:\/\/amalberlin.de\/de\/#website"},"datePublished":"2024-12-30T13:05:11+00:00","dateModified":"2025-08-15T15:20:59+00:00","description":"Amal News gGmbH ist ein Medienunternehmen, das dem Schutz von Jugendlichen und vulnerablen Gruppen allgemein besonders verpflichtet ist.","breadcrumb":{"@id":"https:\/\/amalberlin.de\/de\/kinderschutzverordnung\/#breadcrumb"},"inLanguage":"de","potentialAction":[{"@type":"ReadAction","target":["https:\/\/amalberlin.de\/de\/kinderschutzverordnung\/"]}]},{"@type":"BreadcrumbList","@id":"https:\/\/amalberlin.de\/de\/kinderschutzverordnung\/#breadcrumb","itemListElement":[{"@type":"ListItem","position":1,"name":"Home","item":"https:\/\/amalberlin.de\/de\/"},{"@type":"ListItem","position":2,"name":"Kinderschutz"}]},{"@type":"WebSite","@id":"https:\/\/amalberlin.de\/de\/#website","url":"https:\/\/amalberlin.de\/de\/","name":"Amal, Berlin!","description":"","publisher":{"@id":"https:\/\/amalberlin.de\/de\/#organization"},"potentialAction":[{"@type":"SearchAction","target":{"@type":"EntryPoint","urlTemplate":"https:\/\/amalberlin.de\/de\/?s={search_term_string}"},"query-input":{"@type":"PropertyValueSpecification","valueRequired":true,"valueName":"search_term_string"}}],"inLanguage":"de"},{"@type":"Organization","@id":"https:\/\/amalberlin.de\/de\/#organization","name":"Amal, Berlin!","url":"https:\/\/amalberlin.de\/de\/","logo":{"@type":"ImageObject","inLanguage":"de","@id":"https:\/\/amalberlin.de\/de\/#\/schema\/logo\/image\/","url":"https:\/\/amalberlin.de\/wp-content\/uploads\/sites\/3\/2020\/09\/LOGO_AMAL-Berlin_Final-01.jpg","contentUrl":"https:\/\/amalberlin.de\/wp-content\/uploads\/sites\/3\/2020\/09\/LOGO_AMAL-Berlin_Final-01.jpg","width":250,"height":220,"caption":"Amal, Berlin!"},"image":{"@id":"https:\/\/amalberlin.de\/de\/#\/schema\/logo\/image\/"},"sameAs":["https:\/\/www.facebook.com\/AmalBerlinNews\/","https:\/\/www.instagram.com\/amalberlin\/?hl=en","https:\/\/www.youtube.com\/channel\/UCTDDzpr6EmhT1wLO0hszrrg"]}]}},"_links":{"self":[{"href":"https:\/\/amalberlin.de\/de\/wp-json\/wp\/v2\/pages\/256858","targetHints":{"allow":["GET"]}}],"collection":[{"href":"https:\/\/amalberlin.de\/de\/wp-json\/wp\/v2\/pages"}],"about":[{"href":"https:\/\/amalberlin.de\/de\/wp-json\/wp\/v2\/types\/page"}],"author":[{"embeddable":true,"href":"https:\/\/amalberlin.de\/de\/wp-json\/wp\/v2\/users\/13"}],"replies":[{"embeddable":true,"href":"https:\/\/amalberlin.de\/de\/wp-json\/wp\/v2\/comments?post=256858"}],"version-history":[{"count":2,"href":"https:\/\/amalberlin.de\/de\/wp-json\/wp\/v2\/pages\/256858\/revisions"}],"predecessor-version":[{"id":278727,"href":"https:\/\/amalberlin.de\/de\/wp-json\/wp\/v2\/pages\/256858\/revisions\/278727"}],"wp:attachment":[{"href":"https:\/\/amalberlin.de\/de\/wp-json\/wp\/v2\/media?parent=256858"}],"curies":[{"name":"wp","href":"https:\/\/api.w.org\/{rel}","templated":true}]}}